{"id":85,"date":"2026-01-26T09:49:45","date_gmt":"2026-01-26T09:49:45","guid":{"rendered":"https:\/\/unchoeurdescoeurs.fr\/?page_id=85"},"modified":"2026-03-31T16:47:32","modified_gmt":"2026-03-31T16:47:32","slug":"repetitions","status":"publish","type":"page","link":"https:\/\/unchoeurdescoeurs.fr\/index.php\/repetitions\/","title":{"rendered":"R\u00e9p\u00e9titions"},"content":{"rendered":"\n<ol class=\"wp-block-list\">\n<li><\/li>\n<\/ol>\n\n\n\n<h2 class=\"wp-block-heading has-medium-font-size\"><strong>1. Tous ensemble<\/strong><\/h2>\n\n\n\n<p>Les r\u00e9p\u00e9titions ont lieu <strong>tous les jeudis en p\u00e9riode scolaire<\/strong>, de <strong>14h00 \u00e0 16h00<\/strong> .<\/p>\n\n\n\n<p>\u00e0 la <strong>Maison des Association Mangin-Beaulieu<\/strong>, 12 rue Anatole de Monzie, sur l&rsquo;Ile de Nantes (bus 26 arr\u00eat Leygues, busway 4 arr\u00eat Ile de Nantes ou Beaulieu, Tram 2 ou 3 arr\u00eat Mangin)<\/p>\n\n\n\n<h2 class=\"wp-block-heading has-medium-font-size\"><strong>2. Pupitres s\u00e9par\u00e9s<\/strong><\/h2>\n\n\n\n<p>Yves Naud, choriste t\u00e9nor, nous fait l&rsquo;amabilit\u00e9 de nous proposer une r\u00e9p\u00e9tition suppl\u00e9mentaire <strong>chaque 2\u00e8me mercredi du mois<\/strong> :<\/p>\n\n\n\n<div class=\"wp-block-columns is-layout-flex wp-container-core-columns-is-layout-9d6595d7 wp-block-columns-is-layout-flex\">\n<div class=\"wp-block-column is-layout-flow wp-block-column-is-layout-flow\">\n<p style=\"font-size:15px\">De <strong>14h15 \u00e0 15h45<\/strong> pour les pupitres femme<\/p>\n<\/div>\n\n\n\n<div class=\"wp-block-column is-layout-flow wp-block-column-is-layout-flow\">\n<p style=\"font-size:15px\">de <strong>15h45 \u00e0 16h30<\/strong>  pour les pupitres homme<\/p>\n<\/div>\n<\/div>\n\n\n\n<p>Les r\u00e9p\u00e9titions pupitres s\u00e9par\u00e9s ont lieu au 40 rue Jean Jaur\u00e8s \u00e0 Rez\u00e9 (Bus C4 arr\u00eat F\u00e9lix Tableau, Tram 3, arr\u00eat Pont-Rousseau Martyrs)<\/p>\n\n\n\n<div class=\"wp-block-buttons is-layout-flex wp-block-buttons-is-layout-flex\">\n<div class=\"wp-block-button\"><a class=\"wp-block-button__link wp-element-button\" href=\"https:\/\/unchoeurdescoeurs.fr\/index.php\/contact\/\">Vous \u00eates tent\u00e9(e)&#8230;<\/a><\/div>\n<\/div>\n\n\n\n<p><\/p>\n","protected":false},"excerpt":{"rendered":"<p>1. Tous ensemble Les r\u00e9p\u00e9titions ont lieu tous les jeudis en p\u00e9riode scolaire, de 14h00 \u00e0 16h00 . \u00e0 la Maison des Association Mangin-Beaulieu, 12 rue Anatole de Monzie, sur &hellip; <\/p>\n<p class=\"link-more\"><a href=\"https:\/\/unchoeurdescoeurs.fr\/index.php\/repetitions\/\" class=\"more-link\">Continuer la lecture<span class=\"screen-reader-text\"> de &laquo;&nbsp;R\u00e9p\u00e9titions&nbsp;&raquo;<\/span><\/a><\/p>\n","protected":false},"author":1,"featured_media":0,"parent":0,"menu_order":0,"comment_status":"closed","ping_status":"closed","template":"","meta":{"footnotes":""},"class_list":["post-85","page","type-page","status-publish","hentry"],"_links":{"self":[{"href":"https:\/\/unchoeurdescoeurs.fr\/index.php\/wp-json\/wp\/v2\/pages\/85","targetHints":{"allow":["GET"]}}],"collection":[{"href":"https:\/\/unchoeurdescoeurs.fr\/index.php\/wp-json\/wp\/v2\/pages"}],"about":[{"href":"https:\/\/unchoeurdescoeurs.fr\/index.php\/wp-json\/wp\/v2\/types\/page"}],"author":[{"embeddable":true,"href":"https:\/\/unchoeurdescoeurs.fr\/index.php\/wp-json\/wp\/v2\/users\/1"}],"replies":[{"embeddable":true,"href":"https:\/\/unchoeurdescoeurs.fr\/index.php\/wp-json\/wp\/v2\/comments?post=85"}],"version-history":[{"count":12,"href":"https:\/\/unchoeurdescoeurs.fr\/index.php\/wp-json\/wp\/v2\/pages\/85\/revisions"}],"predecessor-version":[{"id":720,"href":"https:\/\/unchoeurdescoeurs.fr\/index.php\/wp-json\/wp\/v2\/pages\/85\/revisions\/720"}],"wp:attachment":[{"href":"https:\/\/unchoeurdescoeurs.fr\/index.php\/wp-json\/wp\/v2\/media?parent=85"}],"curies":[{"name":"wp","href":"https:\/\/api.w.org\/{rel}","templated":true}]}}