{"id":54,"date":"2026-01-26T08:40:16","date_gmt":"2026-01-26T08:40:16","guid":{"rendered":"https:\/\/unchoeurdescoeurs.fr\/?page_id=54"},"modified":"2026-03-31T17:34:10","modified_gmt":"2026-03-31T17:34:10","slug":"les-concerts","status":"publish","type":"page","link":"https:\/\/unchoeurdescoeurs.fr\/index.php\/les-concerts\/","title":{"rendered":"Les concerts pass\u00e9s"},"content":{"rendered":"\n<div class=\"wp-block-columns is-layout-flex wp-container-core-columns-is-layout-9d6595d7 wp-block-columns-is-layout-flex\">\n<div class=\"wp-block-column is-layout-flow wp-block-column-is-layout-flow\">\n<figure class=\"wp-block-image size-large\"><img loading=\"lazy\" decoding=\"async\" width=\"671\" height=\"1024\" src=\"https:\/\/unchoeurdescoeurs.fr\/wp-content\/uploads\/2026\/03\/SCN_0004-cadre-671x1024.jpg\" alt=\"\" class=\"wp-image-690\" srcset=\"https:\/\/unchoeurdescoeurs.fr\/wp-content\/uploads\/2026\/03\/SCN_0004-cadre-671x1024.jpg 671w, https:\/\/unchoeurdescoeurs.fr\/wp-content\/uploads\/2026\/03\/SCN_0004-cadre-196x300.jpg 196w, https:\/\/unchoeurdescoeurs.fr\/wp-content\/uploads\/2026\/03\/SCN_0004-cadre-768x1173.jpg 768w, https:\/\/unchoeurdescoeurs.fr\/wp-content\/uploads\/2026\/03\/SCN_0004-cadre-1006x1536.jpg 1006w, https:\/\/unchoeurdescoeurs.fr\/wp-content\/uploads\/2026\/03\/SCN_0004-cadre-1341x2048.jpg 1341w, https:\/\/unchoeurdescoeurs.fr\/wp-content\/uploads\/2026\/03\/SCN_0004-cadre-1320x2015.jpg 1320w, https:\/\/unchoeurdescoeurs.fr\/wp-content\/uploads\/2026\/03\/SCN_0004-cadre.jpg 1585w\" sizes=\"auto, (max-width: 671px) 100vw, 671px\" \/><figcaption class=\"wp-element-caption\">Dimanche 29 mars 2026 \u00e0 15h00 , <strong>Les Voix du Relais<\/strong> nous invitaient pour chanter en l&rsquo;\u00e9glise <strong>Saint Louis de Montfort \u00e0 Saint Herblain<\/strong>. Ce concert, dirig\u00e9 par <strong>Nelly Abran<\/strong>, \u00e9tait donn\u00e9 au profit de <strong>Avenir Jeunes Bethl\u00e9em<\/strong>.<\/figcaption><\/figure>\n<\/div>\n\n\n\n<div class=\"wp-block-column is-layout-flow wp-block-column-is-layout-flow\">\n<figure class=\"wp-block-image size-large\"><img loading=\"lazy\" decoding=\"async\" width=\"683\" height=\"1024\" src=\"https:\/\/unchoeurdescoeurs.fr\/wp-content\/uploads\/2026\/03\/Concert-de-printemps-a-Reze-PhotoFiltre-1-683x1024.png\" alt=\"\" class=\"wp-image-582\" srcset=\"https:\/\/unchoeurdescoeurs.fr\/wp-content\/uploads\/2026\/03\/Concert-de-printemps-a-Reze-PhotoFiltre-1-683x1024.png 683w, https:\/\/unchoeurdescoeurs.fr\/wp-content\/uploads\/2026\/03\/Concert-de-printemps-a-Reze-PhotoFiltre-1-200x300.png 200w, https:\/\/unchoeurdescoeurs.fr\/wp-content\/uploads\/2026\/03\/Concert-de-printemps-a-Reze-PhotoFiltre-1-768x1152.png 768w, https:\/\/unchoeurdescoeurs.fr\/wp-content\/uploads\/2026\/03\/Concert-de-printemps-a-Reze-PhotoFiltre-1.png 1024w\" sizes=\"auto, (max-width: 683px) 100vw, 683px\" \/><figcaption class=\"wp-element-caption\">Le dimanche <strong>22 mars 2026 \u00e0 15h00<\/strong>, la chorale a donn\u00e9 son concert de printemps. Il a eu lieu \u00e0 l&rsquo;\u00e9glise <strong>Notre-Dame du Rosaire \u00e0 Rez\u00e9.<\/strong><br>Nous avons eu le plaisir d&rsquo;accueillir l&rsquo;ensemble vocal <strong>Mosa\u00efque<\/strong>, du Fuillet (49), par qui a d\u00e9but\u00e9 le concert.<\/figcaption><\/figure>\n<\/div>\n<\/div>\n\n\n\n<div class=\"wp-block-columns is-layout-flex wp-container-core-columns-is-layout-9d6595d7 wp-block-columns-is-layout-flex\">\n<div class=\"wp-block-column is-layout-flow wp-block-column-is-layout-flow\">\n<figure class=\"wp-block-image size-large\"><img loading=\"lazy\" decoding=\"async\" width=\"724\" height=\"1024\" src=\"https:\/\/unchoeurdescoeurs.fr\/wp-content\/uploads\/2026\/01\/Affiche-Noel-en-UNE-page-724x1024.png\" alt=\"\" class=\"wp-image-120\" srcset=\"https:\/\/unchoeurdescoeurs.fr\/wp-content\/uploads\/2026\/01\/Affiche-Noel-en-UNE-page-724x1024.png 724w, https:\/\/unchoeurdescoeurs.fr\/wp-content\/uploads\/2026\/01\/Affiche-Noel-en-UNE-page-212x300.png 212w, https:\/\/unchoeurdescoeurs.fr\/wp-content\/uploads\/2026\/01\/Affiche-Noel-en-UNE-page-768x1086.png 768w, https:\/\/unchoeurdescoeurs.fr\/wp-content\/uploads\/2026\/01\/Affiche-Noel-en-UNE-page-1086x1536.png 1086w, https:\/\/unchoeurdescoeurs.fr\/wp-content\/uploads\/2026\/01\/Affiche-Noel-en-UNE-page-1448x2048.png 1448w, https:\/\/unchoeurdescoeurs.fr\/wp-content\/uploads\/2026\/01\/Affiche-Noel-en-UNE-page.png 1587w\" sizes=\"auto, (max-width: 724px) 100vw, 724px\" \/><figcaption class=\"wp-element-caption\">No\u00ebl 2025 du Dimanche 7 d\u00e9cembre 2025 \u00e0 15h00 \u00e0 l&rsquo;\u00e9glise Saint Vincent de Paul de Rez\u00e9. Chorale invit\u00e9e Divate M\u00e9lodie dirig\u00e9e par Fr\u00e9d\u00e9ric Giraudineau.<\/figcaption><\/figure>\n<\/div>\n\n\n\n<div class=\"wp-block-column is-layout-flow wp-block-column-is-layout-flow\">\n<figure class=\"wp-block-image size-large\"><img loading=\"lazy\" decoding=\"async\" width=\"724\" height=\"1024\" src=\"https:\/\/unchoeurdescoeurs.fr\/wp-content\/uploads\/2026\/01\/AfficheConcert-1-724x1024.jpg\" alt=\"\" class=\"wp-image-135\" srcset=\"https:\/\/unchoeurdescoeurs.fr\/wp-content\/uploads\/2026\/01\/AfficheConcert-1-724x1024.jpg 724w, https:\/\/unchoeurdescoeurs.fr\/wp-content\/uploads\/2026\/01\/AfficheConcert-1-212x300.jpg 212w, https:\/\/unchoeurdescoeurs.fr\/wp-content\/uploads\/2026\/01\/AfficheConcert-1-768x1086.jpg 768w, https:\/\/unchoeurdescoeurs.fr\/wp-content\/uploads\/2026\/01\/AfficheConcert-1-1087x1536.jpg 1087w, https:\/\/unchoeurdescoeurs.fr\/wp-content\/uploads\/2026\/01\/AfficheConcert-1-1449x2048.jpg 1449w, https:\/\/unchoeurdescoeurs.fr\/wp-content\/uploads\/2026\/01\/AfficheConcert-1.jpg 1654w\" sizes=\"auto, (max-width: 724px) 100vw, 724px\" \/><figcaption class=\"wp-element-caption\">Concert de Printemps du Dimanche 6 Avril 2025 \u00e0 l&rsquo;\u00e9glise de Notre-Dame du Rosaire \u00e0 15h00. Chorale invit\u00e9e En noires et en couleurs dirig\u00e9e par Lise Blassel-Touchefeu.<\/figcaption><\/figure>\n<\/div>\n<\/div>\n\n\n\n<div class=\"wp-block-columns is-layout-flex wp-container-core-columns-is-layout-9d6595d7 wp-block-columns-is-layout-flex\">\n<div class=\"wp-block-column is-layout-flow wp-block-column-is-layout-flow\">\n<figure class=\"wp-block-image size-large\"><img loading=\"lazy\" decoding=\"async\" width=\"721\" height=\"1024\" src=\"https:\/\/unchoeurdescoeurs.fr\/wp-content\/uploads\/2026\/01\/AfficheConcert-2024-721x1024.jpg\" alt=\"\" class=\"wp-image-139\" srcset=\"https:\/\/unchoeurdescoeurs.fr\/wp-content\/uploads\/2026\/01\/AfficheConcert-2024-721x1024.jpg 721w, https:\/\/unchoeurdescoeurs.fr\/wp-content\/uploads\/2026\/01\/AfficheConcert-2024-211x300.jpg 211w, https:\/\/unchoeurdescoeurs.fr\/wp-content\/uploads\/2026\/01\/AfficheConcert-2024-768x1090.jpg 768w, https:\/\/unchoeurdescoeurs.fr\/wp-content\/uploads\/2026\/01\/AfficheConcert-2024-1082x1536.jpg 1082w, https:\/\/unchoeurdescoeurs.fr\/wp-content\/uploads\/2026\/01\/AfficheConcert-2024-1443x2048.jpg 1443w, https:\/\/unchoeurdescoeurs.fr\/wp-content\/uploads\/2026\/01\/AfficheConcert-2024-scaled.jpg 1803w\" sizes=\"auto, (max-width: 721px) 100vw, 721px\" \/><figcaption class=\"wp-element-caption\">Concert Hiver du dimanche 8 d\u00e9cembre  2024 \u00e0 14h30 en l&rsquo;\u00e9glise Sainte Th\u00e9r\u00e8se de Nantes au profit de La fraternit\u00e9 l&rsquo;Ecoute de la rue<\/figcaption><\/figure>\n<\/div>\n\n\n\n<div class=\"wp-block-column is-layout-flow wp-block-column-is-layout-flow\">\n<figure class=\"wp-block-image size-large\"><img loading=\"lazy\" decoding=\"async\" width=\"724\" height=\"1024\" src=\"https:\/\/unchoeurdescoeurs.fr\/wp-content\/uploads\/2026\/02\/AfficheConcert10-decembre-2023-724x1024.jpg\" alt=\"\" class=\"wp-image-340\" srcset=\"https:\/\/unchoeurdescoeurs.fr\/wp-content\/uploads\/2026\/02\/AfficheConcert10-decembre-2023-724x1024.jpg 724w, https:\/\/unchoeurdescoeurs.fr\/wp-content\/uploads\/2026\/02\/AfficheConcert10-decembre-2023-212x300.jpg 212w, https:\/\/unchoeurdescoeurs.fr\/wp-content\/uploads\/2026\/02\/AfficheConcert10-decembre-2023-768x1086.jpg 768w, https:\/\/unchoeurdescoeurs.fr\/wp-content\/uploads\/2026\/02\/AfficheConcert10-decembre-2023-1087x1536.jpg 1087w, https:\/\/unchoeurdescoeurs.fr\/wp-content\/uploads\/2026\/02\/AfficheConcert10-decembre-2023-1449x2048.jpg 1449w, https:\/\/unchoeurdescoeurs.fr\/wp-content\/uploads\/2026\/02\/AfficheConcert10-decembre-2023-1320x1866.jpg 1320w, https:\/\/unchoeurdescoeurs.fr\/wp-content\/uploads\/2026\/02\/AfficheConcert10-decembre-2023.jpg 1654w\" sizes=\"auto, (max-width: 724px) 100vw, 724px\" \/><\/figure>\n<\/div>\n<\/div>\n\n\n\n<div class=\"wp-block-columns is-layout-flex wp-container-core-columns-is-layout-9d6595d7 wp-block-columns-is-layout-flex\">\n<div class=\"wp-block-column is-layout-flow wp-block-column-is-layout-flow\"><\/div>\n\n\n\n<div class=\"wp-block-column is-layout-flow wp-block-column-is-layout-flow\"><\/div>\n<\/div>\n","protected":false},"excerpt":{"rendered":"","protected":false},"author":2,"featured_media":0,"parent":0,"menu_order":0,"comment_status":"closed","ping_status":"closed","template":"","meta":{"footnotes":""},"class_list":["post-54","page","type-page","status-publish","hentry"],"_links":{"self":[{"href":"https:\/\/unchoeurdescoeurs.fr\/index.php\/wp-json\/wp\/v2\/pages\/54","targetHints":{"allow":["GET"]}}],"collection":[{"href":"https:\/\/unchoeurdescoeurs.fr\/index.php\/wp-json\/wp\/v2\/pages"}],"about":[{"href":"https:\/\/unchoeurdescoeurs.fr\/index.php\/wp-json\/wp\/v2\/types\/page"}],"author":[{"embeddable":true,"href":"https:\/\/unchoeurdescoeurs.fr\/index.php\/wp-json\/wp\/v2\/users\/2"}],"replies":[{"embeddable":true,"href":"https:\/\/unchoeurdescoeurs.fr\/index.php\/wp-json\/wp\/v2\/comments?post=54"}],"version-history":[{"count":20,"href":"https:\/\/unchoeurdescoeurs.fr\/index.php\/wp-json\/wp\/v2\/pages\/54\/revisions"}],"predecessor-version":[{"id":734,"href":"https:\/\/unchoeurdescoeurs.fr\/index.php\/wp-json\/wp\/v2\/pages\/54\/revisions\/734"}],"wp:attachment":[{"href":"https:\/\/unchoeurdescoeurs.fr\/index.php\/wp-json\/wp\/v2\/media?parent=54"}],"curies":[{"name":"wp","href":"https:\/\/api.w.org\/{rel}","templated":true}]}}