{"id":48,"date":"2026-01-26T08:40:16","date_gmt":"2026-01-26T08:40:16","guid":{"rendered":"https:\/\/unchoeurdescoeurs.fr\/?page_id=48"},"modified":"2026-02-18T13:42:32","modified_gmt":"2026-02-18T13:42:32","slug":"infos-pratiques","status":"publish","type":"page","link":"https:\/\/unchoeurdescoeurs.fr\/index.php\/infos-pratiques\/","title":{"rendered":"Infos pratiques"},"content":{"rendered":"\n<p>Les <a href=\"https:\/\/unchoeurdescoeurs.fr\/index.php\/repetitions\/\" data-type=\"page\" data-id=\"85\">r\u00e9p\u00e9titions<\/a> ont lieu tous <strong>les jeudis apr\u00e8s-midi<\/strong> (en p\u00e9riode scolaire) de 14h \u00e0 16h \u00e0 la Maison des Associations de Mangin-Beaulieu, situ\u00e9e au 12 rue Anatole de Monzie, sur l\u2019Ile Beaulieu. L\u2019acc\u00e8s se fait par les transports en commun ;<\/p>\n\n\n\n<div class=\"wp-block-columns is-layout-flex wp-container-core-columns-is-layout-9d6595d7 wp-block-columns-is-layout-flex\">\n<div class=\"wp-block-column is-layout-flow wp-block-column-is-layout-flow\" style=\"flex-basis:20%\"><\/div>\n\n\n\n<div class=\"wp-block-column is-layout-flow wp-block-column-is-layout-flow\" style=\"flex-basis:66.66%\">\n<ul class=\"wp-block-list\">\n<li>lignes 2 et 3 du tram &#8211; arr\u00eat Mangin<\/li>\n\n\n\n<li>bus 26 &#8211; arr\u00eat Leygues (devant la salle)<\/li>\n\n\n\n<li>busway 4 &#8211; arr\u00eat Beaulieu<\/li>\n<\/ul>\n<\/div>\n<\/div>\n\n\n\n<p>On peut \u00e9galement acc\u00e9der en v\u00e9lo et m\u00eame en auto (parking payant attenant).<\/p>\n\n\n\n<p>Chaque 2\u00e8me mercredi du mois, une r\u00e9p\u00e9tition suppl\u00e9mentaire a lieu \u00e0 Rez\u00e9, 40 avenue Jean Jaur\u00e8s, de 14h15 \u00e0 15h45 pour les femmes et de 15h45 \u00e0 16h30 pour les hommes.<\/p>\n\n\n\n<p>La chorale \u00e9tant une association, chaque choriste acquitte en d\u00e9but d&rsquo;ann\u00e9e une <strong>cotisation<\/strong>. Pour la p\u00e9riode 2025-2026, elle est <strong>fix\u00e9e \u00e0 90 \u20ac<\/strong> pour l&rsquo;ann\u00e9e.<\/p>\n\n\n\n<div class=\"wp-block-buttons is-layout-flex wp-block-buttons-is-layout-flex\">\n<div class=\"wp-block-button\"><a class=\"wp-block-button__link wp-element-button\" href=\"https:\/\/unchoeurdescoeurs.fr\/index.php\/contact\/\" target=\"_blank\" rel=\"noreferrer noopener\">Nous rejoindre<\/a><\/div>\n<\/div>\n","protected":false},"excerpt":{"rendered":"<p>Les r\u00e9p\u00e9titions ont lieu tous les jeudis apr\u00e8s-midi (en p\u00e9riode scolaire) de 14h \u00e0 16h \u00e0 la Maison des Associations de Mangin-Beaulieu, situ\u00e9e au 12 rue Anatole de Monzie, sur &hellip; <\/p>\n<p class=\"link-more\"><a href=\"https:\/\/unchoeurdescoeurs.fr\/index.php\/infos-pratiques\/\" class=\"more-link\">Continuer la lecture<span class=\"screen-reader-text\"> de &laquo;&nbsp;Infos pratiques&nbsp;&raquo;<\/span><\/a><\/p>\n","protected":false},"author":2,"featured_media":0,"parent":0,"menu_order":0,"comment_status":"closed","ping_status":"closed","template":"","meta":{"footnotes":""},"class_list":["post-48","page","type-page","status-publish","hentry"],"_links":{"self":[{"href":"https:\/\/unchoeurdescoeurs.fr\/index.php\/wp-json\/wp\/v2\/pages\/48","targetHints":{"allow":["GET"]}}],"collection":[{"href":"https:\/\/unchoeurdescoeurs.fr\/index.php\/wp-json\/wp\/v2\/pages"}],"about":[{"href":"https:\/\/unchoeurdescoeurs.fr\/index.php\/wp-json\/wp\/v2\/types\/page"}],"author":[{"embeddable":true,"href":"https:\/\/unchoeurdescoeurs.fr\/index.php\/wp-json\/wp\/v2\/users\/2"}],"replies":[{"embeddable":true,"href":"https:\/\/unchoeurdescoeurs.fr\/index.php\/wp-json\/wp\/v2\/comments?post=48"}],"version-history":[{"count":9,"href":"https:\/\/unchoeurdescoeurs.fr\/index.php\/wp-json\/wp\/v2\/pages\/48\/revisions"}],"predecessor-version":[{"id":525,"href":"https:\/\/unchoeurdescoeurs.fr\/index.php\/wp-json\/wp\/v2\/pages\/48\/revisions\/525"}],"wp:attachment":[{"href":"https:\/\/unchoeurdescoeurs.fr\/index.php\/wp-json\/wp\/v2\/media?parent=48"}],"curies":[{"name":"wp","href":"https:\/\/api.w.org\/{rel}","templated":true}]}}